{"id":29521,"date":"2025-06-12T14:25:07","date_gmt":"2025-06-12T14:25:07","guid":{"rendered":"https:\/\/overadokumenata.rs\/?page_id=29521"},"modified":"2025-09-09T10:13:39","modified_gmt":"2025-09-09T10:13:39","slug":"priznavanje-diploma","status":"publish","type":"page","link":"https:\/\/overadokumenata.rs\/en\/priznavanje-diploma\/","title":{"rendered":"Recognition of diplomas"},"content":{"rendered":"<div data-elementor-type=\"wp-page\" data-elementor-id=\"29521\" class=\"elementor elementor-29521\">\n\t\t\t\t<div class=\"wd-negative-gap elementor-element elementor-element-cbb80a4 e-flex e-con-boxed e-con e-parent\" data-id=\"cbb80a4\" data-element_type=\"container\">\n\t\t\t\t\t<div class=\"e-con-inner\">\n\t\t\t\t<div class=\"elementor-element elementor-element-5815681 color-scheme-inherit text-left elementor-widget elementor-widget-text-editor\" data-id=\"5815681\" data-element_type=\"widget\" data-widget_type=\"text-editor.default\">\n\t\t\t\t<div class=\"elementor-widget-container\">\n\t\t\t\t\t\t\t\t\t<h1 data-start=\"141\" data-end=\"183\">Recognition of Diplomas and School Certificates<\/h1><p data-start=\"185\" data-end=\"674\" class=\"translation-block\"><strong data-start=\"185\" data-end=\"223\">Recognition of a foreign school document<\/strong> is the procedure by which a qualification obtained abroad is equated with the corresponding valid public document of the Republic of Serbia. In this way, you acquire the right to continue education or employment in our country.<br data-start=\"437\" data-end=\"440\">The procedure for the recognition of professional qualifications is carried out by the <span style=\"color: #3366ff\"><a style=\"color: #3366ff\" href=\"https:\/\/www.enic-naric.net\/\" target=\"_blank\" rel=\"noopener\"><strong data-start=\"495\" data-end=\"516\">ENIC\/NARIC Centre<\/strong><\/a><\/span>, which is an organizational unit of the Qualifications Agency. The register of foreign institutions and the issuing of decisions is handled by the <strong data-start=\"629\" data-end=\"671\">Ministry of Education of the Republic of Serbia<\/strong>.<\/p><p data-start=\"676\" data-end=\"728\">The right to recognition of a foreign school document is granted to:<\/p><ul data-start=\"729\" data-end=\"847\"><li data-start=\"729\" data-end=\"761\"><p data-start=\"731\" data-end=\"761\">Citizens of the Republic of Serbia<\/p><\/li><li data-start=\"762\" data-end=\"847\"><p data-start=\"764\" data-end=\"847\">foreign citizens and stateless persons, if there is a legal interest in doing so.<\/p><\/li><\/ul><p data-start=\"849\" data-end=\"871\">Eligible for recognition:<\/p><ul data-start=\"872\" data-end=\"1061\"><li data-start=\"872\" data-end=\"915\"><p data-start=\"874\" data-end=\"915\">School certificates obtained abroad<\/p><\/li><li data-start=\"916\" data-end=\"1061\"><p data-start=\"918\" data-end=\"1061\">School certificates obtained from foreign institutions operating in the Republic of Serbia, which have been granted approval to operate by the competent ministry.<\/p><\/li><\/ul><h2 data-start=\"1068\" data-end=\"1129\">Recognition of primary school diplomas and enrollment in secondary school<\/h2><p data-start=\"1131\" data-end=\"1581\">A student who has completed primary education (or one of the last two grades of primary school) abroad, or in a foreign school in Serbia, may enroll in secondary school only after the recognition of the foreign school certificate.<br data-start=\"1348\" data-end=\"1351\" \/>The recognition procedure is conducted by <span style=\"color: #3366ff;\"><a style=\"color: #3366ff;\" href=\"https:\/\/azk.gov.rs\/\" target=\"_blank\" rel=\"noopener\"><strong data-start=\"1377\" data-end=\"1406\">Qualifications Agency<\/strong><\/a><\/span>and thereafter the parent or legal guardian of the student submits a written request <strong data-start=\"1483\" data-end=\"1536\">to the District Commission for the Enrollment of Students in Secondary School<\/strong> in the territory where the desired school is located.<\/p><p data-start=\"1583\" data-end=\"1767\">The request must specify at least five preferences (schools and study programs), and it must be accompanied by the decision on the recognition of the foreign school certificate, or by confirmation that the request for recognition has been submitted.<\/p><p data-start=\"1769\" data-end=\"2086\" class=\"translation-block\">The District Commission assigns students to schools. For certain educational profiles, health requirements must also be met, and therefore a certificate issued by a healthcare institution is submitted along with the documentation.\n\nA student awaiting the completion of the recognition procedure may be <strong>conditionally enrolled<\/strong> in the next grade until the procedure has been finalized.<\/p><p data-start=\"2088\" data-end=\"2464\" class=\"translation-block\">For certain schools and programs (music, ballet, fine arts, classes for students with special abilities, and schools with instruction in a foreign language), an entrance <strong>exam is mandatory <\/strong>. However, there are exceptions: a student who has completed the last two grades of primary school in a foreign language may, after the recognition of the diploma, be enrolled without taking the entrance exam, provided that there is space available in the class.<\/p><p data-start=\"2466\" data-end=\"2595\">The call for enrollment in secondary schools and the calendar of activities are published by the Ministry of Education each year no later than the beginning of May.<\/p><h2 data-start=\"2602\" data-end=\"2639\">Enrollment in a higher grade of secondary school<\/h2><p data-start=\"2641\" data-end=\"3021\">If a student has completed one or more grades of secondary school abroad, or in a foreign school in Serbia, after the recognition of the foreign school certificate, he or she may continue education in the corresponding grade.<br data-start=\"2837\" data-end=\"2840\" \/>By decision of the Agency for Qualifications, it is determined which grade the student may enroll in, and in some cases, a list of examinations to be taken is prescribed in order to align the differences in the curriculum.<\/p><p data-start=\"3023\" data-end=\"3221\">The parent or legal guardian submits the application to the principal of the school the student wishes to attend. If all places are filled, the principal may reject the application, in which case it is necessary to apply to another school.<\/p><h2 data-start=\"3228\" data-end=\"3266\">Recognition of Secondary School Diplomas<\/h2><p data-start=\"3268\" data-end=\"3417\">For the recognition of a secondary school diploma, you should also contact <strong data-start=\"3324\" data-end=\"3353\">the Agency for Qualifications.<\/strong>The application may be submitted in person, by mail, or electronically.<\/p><h3 data-start=\"3419\" data-end=\"3448\">Required documentation:<\/h3><ol data-start=\"3449\" data-end=\"3854\"><li data-start=\"3449\" data-end=\"3571\"><p data-start=\"3452\" data-end=\"3571\" class=\"translation-block\"><strong>Certified translation by a court interpreter<\/strong> in the Republic of Serbia (mandatory for the last completed grade and the final diploma, and in the case of employment, for all grades).<\/p><\/li><li data-start=\"3572\" data-end=\"3727\"><p data-start=\"3575\" data-end=\"3727\"><strong data-start=\"3575\" data-end=\"3604\">Translation by a sworn court interpreter<\/strong> in the Republic of Serbia (mandatory for the last completed grade and the final diploma, and, in the case of employment, for all grades).<\/p><\/li><li data-start=\"3728\" data-end=\"3802\"><p data-start=\"3731\" data-end=\"3802\"><strong data-start=\"3731\" data-end=\"3773\">Proof of previously completed grades<\/strong> in Serbia or abroad.<\/p><\/li><li data-start=\"3803\" data-end=\"3854\"><p data-start=\"3806\" data-end=\"3854\" class=\"translation-block\"><strong>Proof of payment of the fee<\/strong> for the costs of the procedure.<\/p><\/li><\/ol><p data-start=\"3856\" data-end=\"3924\">Guidelines and application forms are available on the website of the Agency for Qualifications.<\/p><hr data-start=\"3926\" data-end=\"3929\" \/><h2 data-start=\"3931\" data-end=\"3979\">Recognition of Higher Education Diplomas<\/h2><p data-start=\"3981\" data-end=\"4034\">For university diplomas, there are two types of recognition:<\/p><ul data-start=\"4035\" data-end=\"4236\"><li data-start=\"4035\" data-end=\"4143\"><p data-start=\"4037\" data-end=\"4143\"><strong data-start=\"4037\" data-end=\"4062\">Academic recognition<\/strong> \u2013 when the purpose is to continue education (e.g., enrollment in master's or doctoral studies).<\/p><\/li><li data-start=\"4144\" data-end=\"4236\"><p data-start=\"4146\" data-end=\"4236\"><strong data-start=\"4146\" data-end=\"4175\">Professional recognition<\/strong> \u2013 when the purpose is employment and the exercise of labor rights.<\/p><\/li><\/ul><p data-start=\"4238\" data-end=\"4505\">The procedure for the recognition of higher education documents is initiated by applying to the faculty or university in Serbia where the candidate wishes to continue studies or gain employment. Each higher education institution has its own office that provides detailed instructions regarding the required documentation and procedure.<\/p><p data-start=\"4507\" data-end=\"4634\">It is recommended that students obtain timely information about deadlines, required translations, and fees, in order to ensure a smooth procedure.<\/p><p data-start=\"4507\" data-end=\"4634\">This process, although sometimes demanding, makes it possible for the knowledge and diplomas obtained abroad to be officially recognized and valued in the Republic of Serbia, thereby opening the door to further education and professional development.<\/p>\t\t\t\t\t\t\t\t<\/div>\n\t\t\t\t<\/div>\n\t\t\t\t\t<\/div>\n\t\t\t\t<\/div>\n\t\t\t\t<\/div>","protected":false},"excerpt":{"rendered":"<p>Priznavanje diploma i \u0161kolskih isprava Priznavanje strane \u0161kolske isprave je postupak kojim se kvalifikacija ste\u010dena u inostranstvu izjedna\u010dava sa odgovaraju\u0107om,<\/p>","protected":false},"author":1,"featured_media":0,"parent":0,"menu_order":0,"comment_status":"closed","ping_status":"closed","template":"elementor_header_footer","meta":{"footnotes":""},"class_list":["post-29521","page","type-page","status-publish","hentry"],"_links":{"self":[{"href":"https:\/\/overadokumenata.rs\/en\/wp-json\/wp\/v2\/pages\/29521","targetHints":{"allow":["GET"]}}],"collection":[{"href":"https:\/\/overadokumenata.rs\/en\/wp-json\/wp\/v2\/pages"}],"about":[{"href":"https:\/\/overadokumenata.rs\/en\/wp-json\/wp\/v2\/types\/page"}],"author":[{"embeddable":true,"href":"https:\/\/overadokumenata.rs\/en\/wp-json\/wp\/v2\/users\/1"}],"replies":[{"embeddable":true,"href":"https:\/\/overadokumenata.rs\/en\/wp-json\/wp\/v2\/comments?post=29521"}],"version-history":[{"count":14,"href":"https:\/\/overadokumenata.rs\/en\/wp-json\/wp\/v2\/pages\/29521\/revisions"}],"predecessor-version":[{"id":29644,"href":"https:\/\/overadokumenata.rs\/en\/wp-json\/wp\/v2\/pages\/29521\/revisions\/29644"}],"wp:attachment":[{"href":"https:\/\/overadokumenata.rs\/en\/wp-json\/wp\/v2\/media?parent=29521"}],"curies":[{"name":"wp","href":"https:\/\/api.w.org\/{rel}","templated":true}]}}