{"id":29440,"date":"2025-06-09T11:37:39","date_gmt":"2025-06-09T11:37:39","guid":{"rendered":"https:\/\/overadokumenata.rs\/?page_id=29440"},"modified":"2025-06-09T11:42:19","modified_gmt":"2025-06-09T11:42:19","slug":"izvodi-uverenja-potvrde","status":"publish","type":"page","link":"https:\/\/overadokumenata.rs\/en\/izvodi-uverenja-potvrde\/","title":{"rendered":"Certificates, extracts, confirmations"},"content":{"rendered":"<div data-elementor-type=\"wp-page\" data-elementor-id=\"29440\" class=\"elementor elementor-29440\">\n\t\t\t\t<div class=\"wd-negative-gap elementor-element elementor-element-59877ad e-flex e-con-boxed e-con e-parent\" data-id=\"59877ad\" data-element_type=\"container\">\n\t\t\t\t\t<div class=\"e-con-inner\">\n\t\t\t\t<div class=\"elementor-element elementor-element-dbcda63 elementor-widget elementor-widget-wd_text_block\" data-id=\"dbcda63\" data-element_type=\"widget\" data-widget_type=\"wd_text_block.default\">\n\t\t\t\t<div class=\"elementor-widget-container\">\n\t\t\t\t\t\t\t<div class=\"wd-text-block reset-last-child text-left\">\n\t\t\t\n\t\t\t<p data-start=\"106\" data-end=\"225\"><strong data-start=\"106\" data-end=\"225\">Online ordering and delivery of extracts from the register of vital records and other documents issued in the territory of Serbia and Montenegro.<\/strong><\/p><p data-start=\"227\" data-end=\"245\">You can order:<\/p><ul data-start=\"246\" data-end=\"670\"><li data-start=\"246\" data-end=\"281\"><p data-start=\"248\" data-end=\"281\">Extract from the Register of Births (Birth Certificate)<\/p><\/li><li data-start=\"282\" data-end=\"318\"><p data-start=\"284\" data-end=\"318\">Extract from the Register of Marriages (Marriage Certificate)<\/p><\/li><li data-start=\"319\" data-end=\"353\"><p data-start=\"321\" data-end=\"353\">Extract from the Register of Deaths (Death Certificate)<\/p><\/li><li data-start=\"354\" data-end=\"382\"><p data-start=\"356\" data-end=\"382\">Certificate of Citizenship<\/p><\/li><li data-start=\"383\" data-end=\"447\"><p data-start=\"385\" data-end=\"447\">Certificate of Change of Surname due to Marriage or Divorce<\/p><\/li><li data-start=\"448\" data-end=\"486\"><p data-start=\"450\" data-end=\"486\">Certificate of No Impediment to Marriage (Certificate of Single Status)<\/p><\/li><li data-start=\"487\" data-end=\"547\"><p data-start=\"489\" data-end=\"547\">Registration of Children Born Abroad in the Register of Births<\/p><\/li><li data-start=\"548\" data-end=\"603\"><p data-start=\"550\" data-end=\"603\">Certificate of No Criminal Proceedings Pending Against the Person<\/p><\/li><li data-start=\"604\" data-end=\"670\"><p data-start=\"606\" data-end=\"670\">Certificate of No Record in the Register of Births at the Place of Birth<\/p><\/li><\/ul><p data-start=\"672\" data-end=\"718\">For certain documents, it is necessary to provide:<\/p><ol data-start=\"719\" data-end=\"912\"><li data-start=\"719\" data-end=\"782\"><p data-start=\"722\" data-end=\"782\">Authorization certified at the consulate or by a notary with an apostille<\/p><\/li><li data-start=\"783\" data-end=\"873\"><p data-start=\"786\" data-end=\"873\">A photocopy of  the documents from the register of births or a certificate of citizenship<\/p><\/li><li data-start=\"874\" data-end=\"912\"><p data-start=\"877\" data-end=\"912\">A photocopy of the passport or identity card<\/p><\/li><\/ol><p data-start=\"914\" data-end=\"1116\">To meet the requirement for obtaining documents, you need to fill out the forms for the type of document you require, provide the address where you want the documents to be delivered, and leave a contact phone number.<\/p>\n\t\t\t\t\t<\/div>\n\t\t\t\t\t\t<\/div>\n\t\t\t\t<\/div>\n\t\t\t\t\t<\/div>\n\t\t\t\t<\/div>\n\t\t\t\t<\/div>","protected":false},"excerpt":{"rendered":"<p>Online narud\u017ebina i dostava izvoda iz mati\u010dne knjige i ostalih dokumenata izdatih na teritoriji Srbije i Crne Gore. Mo\u017eete poru\u010diti:<\/p>","protected":false},"author":1,"featured_media":0,"parent":0,"menu_order":0,"comment_status":"closed","ping_status":"closed","template":"elementor_header_footer","meta":{"footnotes":""},"class_list":["post-29440","page","type-page","status-publish","hentry"],"_links":{"self":[{"href":"https:\/\/overadokumenata.rs\/en\/wp-json\/wp\/v2\/pages\/29440","targetHints":{"allow":["GET"]}}],"collection":[{"href":"https:\/\/overadokumenata.rs\/en\/wp-json\/wp\/v2\/pages"}],"about":[{"href":"https:\/\/overadokumenata.rs\/en\/wp-json\/wp\/v2\/types\/page"}],"author":[{"embeddable":true,"href":"https:\/\/overadokumenata.rs\/en\/wp-json\/wp\/v2\/users\/1"}],"replies":[{"embeddable":true,"href":"https:\/\/overadokumenata.rs\/en\/wp-json\/wp\/v2\/comments?post=29440"}],"version-history":[{"count":4,"href":"https:\/\/overadokumenata.rs\/en\/wp-json\/wp\/v2\/pages\/29440\/revisions"}],"predecessor-version":[{"id":29448,"href":"https:\/\/overadokumenata.rs\/en\/wp-json\/wp\/v2\/pages\/29440\/revisions\/29448"}],"wp:attachment":[{"href":"https:\/\/overadokumenata.rs\/en\/wp-json\/wp\/v2\/media?parent=29440"}],"curies":[{"name":"wp","href":"https:\/\/api.w.org\/{rel}","templated":true}]}}